{"id":723,"date":"2025-09-23T11:39:46","date_gmt":"2025-09-23T09:39:46","guid":{"rendered":"https:\/\/krainakuponow.pl\/?post_type=product&#038;p=723"},"modified":"2025-09-23T11:41:08","modified_gmt":"2025-09-23T09:41:08","slug":"vip-30-dni","status":"publish","type":"product","link":"https:\/\/krainakuponow.pl\/?product=vip-30-dni","title":{"rendered":"VIP-30 DNI"},"content":{"rendered":"<p>30 dniowy dost\u0119p do Grupy VIP, kt\u00f3ra jest prowadzona na Telegramie. Kupuj\u0105cy po zakupie dostaj\u0119 link do grupy Telegram. Na grupie VIP kupuj\u0105cy ma dost\u0119p, nie tylko do wszystkich naszych analiz, kt\u00f3re s\u0105 na stronie, ale r\u00f3wnie\u017c analiz dodatkowych, kt\u00f3re s\u0105 tylko dla grupowicz\u00f3w VIP!<\/p>\n","protected":false},"excerpt":{"rendered":"<p>30 dniowy dost\u0119p do Grupy VIP, kt\u00f3ra jest prowadzona na Telegramie. Kupuj\u0105cy po zakupie dostaj\u0119 link do grupy Telegram. Na grupie VIP kupuj\u0105cy ma dost\u0119p, nie tylko do wszystkich naszych analiz, kt\u00f3re s\u0105 na stronie, ale r\u00f3wnie\u017c analiz dodatkowych, kt\u00f3re s\u0105 tylko dla grupowicz\u00f3w VIP!<\/p>\n","protected":false},"featured_media":363,"comment_status":"open","ping_status":"closed","template":"","meta":[],"product_brand":[],"product_cat":[15],"product_tag":[],"class_list":{"0":"post-723","1":"product","2":"type-product","3":"status-publish","4":"has-post-thumbnail","6":"product_cat-uncategorized","8":"first","9":"instock","10":"downloadable","11":"virtual","12":"taxable","13":"purchasable","14":"product-type-simple"},"jetpack_sharing_enabled":true,"_links":{"self":[{"href":"https:\/\/krainakuponow.pl\/index.php?rest_route=\/wp\/v2\/product\/723","targetHints":{"allow":["GET"]}}],"collection":[{"href":"https:\/\/krainakuponow.pl\/index.php?rest_route=\/wp\/v2\/product"}],"about":[{"href":"https:\/\/krainakuponow.pl\/index.php?rest_route=\/wp\/v2\/types\/product"}],"replies":[{"embeddable":true,"href":"https:\/\/krainakuponow.pl\/index.php?rest_route=%2Fwp%2Fv2%2Fcomments&post=723"}],"wp:featuredmedia":[{"embeddable":true,"href":"https:\/\/krainakuponow.pl\/index.php?rest_route=\/wp\/v2\/media\/363"}],"wp:attachment":[{"href":"https:\/\/krainakuponow.pl\/index.php?rest_route=%2Fwp%2Fv2%2Fmedia&parent=723"}],"wp:term":[{"taxonomy":"product_brand","embeddable":true,"href":"https:\/\/krainakuponow.pl\/index.php?rest_route=%2Fwp%2Fv2%2Fproduct_brand&post=723"},{"taxonomy":"product_cat","embeddable":true,"href":"https:\/\/krainakuponow.pl\/index.php?rest_route=%2Fwp%2Fv2%2Fproduct_cat&post=723"},{"taxonomy":"product_tag","embeddable":true,"href":"https:\/\/krainakuponow.pl\/index.php?rest_route=%2Fwp%2Fv2%2Fproduct_tag&post=723"}],"curies":[{"name":"wp","href":"https:\/\/api.w.org\/{rel}","templated":true}]}}