{"id":716,"date":"2025-09-23T11:25:24","date_gmt":"2025-09-23T09:25:24","guid":{"rendered":"https:\/\/krainakuponow.pl\/?post_type=product&#038;p=716"},"modified":"2025-09-23T11:42:50","modified_gmt":"2025-09-23T09:42:50","slug":"pewniak-dnia","status":"publish","type":"product","link":"https:\/\/krainakuponow.pl\/?product=pewniak-dnia","title":{"rendered":"Pewniak Dnia"},"content":{"rendered":"<p>Analiza przedstawia prognoz\u0119 finalnych wynik\u00f3w wydarze\u0144 sportowych. Jest przygotowana odpowiednio wcze\u015bniej. Obejmuje od 1 do 2 wydarze\u0144 sportowych. Posiada najwi\u0119ksza sprawdzalno\u015b\u0107 analityczn\u0105, co oznacza najwi\u0119ksz\u0105 pewno\u015b\u0107. Kupuj\u0105cy ma natychmiastowy dost\u0119p do produktu w formacie cyfrowym JPG lub PNG, PDF do pobrania.<\/p>\n<h6>Produkt jest regularnie aktualizowany i prezentuje aktualnie analizowany zesp\u00f3\u0142 lub zawodnik\u00f3w.<\/h6>\n","protected":false},"excerpt":{"rendered":"<p>Analiza przedstawia prognoz\u0119 finalnych wynik\u00f3w wydarze\u0144 sportowych. Jest przygotowana odpowiednio wcze\u015bniej. Obejmuje od 1 do 2 wydarze\u0144 sportowych. Posiada najwi\u0119ksza sprawdzalno\u015b\u0107 analityczn\u0105, co oznacza najwi\u0119ksz\u0105 pewno\u015b\u0107. Kupuj\u0105cy ma natychmiastowy dost\u0119p do produktu w formacie cyfrowym JPG lub PNG, PDF do pobrania. Produkt jest regularnie aktualizowany i prezentuje aktualnie analizowany zesp\u00f3\u0142 lub zawodnik\u00f3w.<\/p>\n","protected":false},"featured_media":359,"comment_status":"open","ping_status":"closed","template":"","meta":[],"product_brand":[],"product_cat":[15],"product_tag":[],"class_list":{"0":"post-716","1":"product","2":"type-product","3":"status-publish","4":"has-post-thumbnail","6":"product_cat-uncategorized","8":"first","9":"instock","10":"downloadable","11":"virtual","12":"taxable","13":"purchasable","14":"product-type-simple"},"jetpack_sharing_enabled":true,"_links":{"self":[{"href":"https:\/\/krainakuponow.pl\/index.php?rest_route=\/wp\/v2\/product\/716","targetHints":{"allow":["GET"]}}],"collection":[{"href":"https:\/\/krainakuponow.pl\/index.php?rest_route=\/wp\/v2\/product"}],"about":[{"href":"https:\/\/krainakuponow.pl\/index.php?rest_route=\/wp\/v2\/types\/product"}],"replies":[{"embeddable":true,"href":"https:\/\/krainakuponow.pl\/index.php?rest_route=%2Fwp%2Fv2%2Fcomments&post=716"}],"wp:featuredmedia":[{"embeddable":true,"href":"https:\/\/krainakuponow.pl\/index.php?rest_route=\/wp\/v2\/media\/359"}],"wp:attachment":[{"href":"https:\/\/krainakuponow.pl\/index.php?rest_route=%2Fwp%2Fv2%2Fmedia&parent=716"}],"wp:term":[{"taxonomy":"product_brand","embeddable":true,"href":"https:\/\/krainakuponow.pl\/index.php?rest_route=%2Fwp%2Fv2%2Fproduct_brand&post=716"},{"taxonomy":"product_cat","embeddable":true,"href":"https:\/\/krainakuponow.pl\/index.php?rest_route=%2Fwp%2Fv2%2Fproduct_cat&post=716"},{"taxonomy":"product_tag","embeddable":true,"href":"https:\/\/krainakuponow.pl\/index.php?rest_route=%2Fwp%2Fv2%2Fproduct_tag&post=716"}],"curies":[{"name":"wp","href":"https:\/\/api.w.org\/{rel}","templated":true}]}}