{"id":710,"date":"2025-09-23T11:11:02","date_gmt":"2025-09-23T09:11:02","guid":{"rendered":"https:\/\/krainakuponow.pl\/?post_type=product&#038;p=710"},"modified":"2025-09-23T11:17:41","modified_gmt":"2025-09-23T09:17:41","slug":"analiza-dnia","status":"publish","type":"product","link":"https:\/\/krainakuponow.pl\/?product=analiza-dnia","title":{"rendered":"Analiza Dnia"},"content":{"rendered":"<p>Analiza przedstawia prognoz\u0119 finalnych wynik\u00f3w wydarze\u0144 sportowych. Jest przygotowana odpowiednio wcze\u015bniej. Obejmuje od 1 do 2 wydarze\u0144 sportowych. Posiada najwi\u0119ksza sprawdzalno\u015b\u0107 analityczn\u0105, co oznacza najwi\u0119ksz\u0105 pewno\u015b\u0107. Charakteryzuje si\u0119 wysok\u0105 wiarygodno\u015bci\u0105 analizy. Kupuj\u0105cy ma natychmiastowy dost\u0119p do produktu w formacie cyfrowym JPG lub PNG, PDF do pobrania.<\/p>\n<h6>Produkt jest regularnie aktualizowany i prezentuje aktualnie analizowany zesp\u00f3\u0142 lub zawodnik\u00f3w.<\/h6>\n<p>&nbsp;<\/p>\n<h6><\/h6>\n","protected":false},"excerpt":{"rendered":"<p>Analiza przedstawia prognoz\u0119 finalnych wynik\u00f3w wydarze\u0144 sportowych. Jest przygotowana odpowiednio wcze\u015bniej. Obejmuje od 1 do 2 wydarze\u0144 sportowych. Posiada najwi\u0119ksza sprawdzalno\u015b\u0107 analityczn\u0105, co oznacza najwi\u0119ksz\u0105 pewno\u015b\u0107. Charakteryzuje si\u0119 wysok\u0105 wiarygodno\u015bci\u0105 analizy. Kupuj\u0105cy ma natychmiastowy dost\u0119p do produktu w formacie cyfrowym JPG lub PNG, PDF do pobrania. Produkt jest regularnie aktualizowany i prezentuje aktualnie analizowany zesp\u00f3\u0142 [&hellip;]<\/p>\n","protected":false},"featured_media":358,"comment_status":"open","ping_status":"closed","template":"","meta":[],"product_brand":[],"product_cat":[15],"product_tag":[],"class_list":{"0":"post-710","1":"product","2":"type-product","3":"status-publish","4":"has-post-thumbnail","6":"product_cat-uncategorized","8":"first","9":"instock","10":"downloadable","11":"virtual","12":"taxable","13":"purchasable","14":"product-type-simple"},"jetpack_sharing_enabled":true,"_links":{"self":[{"href":"https:\/\/krainakuponow.pl\/index.php?rest_route=\/wp\/v2\/product\/710","targetHints":{"allow":["GET"]}}],"collection":[{"href":"https:\/\/krainakuponow.pl\/index.php?rest_route=\/wp\/v2\/product"}],"about":[{"href":"https:\/\/krainakuponow.pl\/index.php?rest_route=\/wp\/v2\/types\/product"}],"replies":[{"embeddable":true,"href":"https:\/\/krainakuponow.pl\/index.php?rest_route=%2Fwp%2Fv2%2Fcomments&post=710"}],"wp:featuredmedia":[{"embeddable":true,"href":"https:\/\/krainakuponow.pl\/index.php?rest_route=\/wp\/v2\/media\/358"}],"wp:attachment":[{"href":"https:\/\/krainakuponow.pl\/index.php?rest_route=%2Fwp%2Fv2%2Fmedia&parent=710"}],"wp:term":[{"taxonomy":"product_brand","embeddable":true,"href":"https:\/\/krainakuponow.pl\/index.php?rest_route=%2Fwp%2Fv2%2Fproduct_brand&post=710"},{"taxonomy":"product_cat","embeddable":true,"href":"https:\/\/krainakuponow.pl\/index.php?rest_route=%2Fwp%2Fv2%2Fproduct_cat&post=710"},{"taxonomy":"product_tag","embeddable":true,"href":"https:\/\/krainakuponow.pl\/index.php?rest_route=%2Fwp%2Fv2%2Fproduct_tag&post=710"}],"curies":[{"name":"wp","href":"https:\/\/api.w.org\/{rel}","templated":true}]}}